{"id":2891,"date":"2024-03-31T19:36:03","date_gmt":"2024-03-31T17:36:03","guid":{"rendered":"https:\/\/hotelphoto.ro\/?page_id=2891"},"modified":"2024-03-31T19:39:04","modified_gmt":"2024-03-31T17:39:04","slug":"inscrieri-timpurii-in-mamaia","status":"publish","type":"page","link":"https:\/\/parcmamaia.ro\/de\/inscrieri-timpurii-in-mamaia\/","title":{"rendered":"\u00censcrieri Timpurii in Mamaia"},"content":{"rendered":"<div data-elementor-type=\"wp-page\" data-elementor-id=\"2891\" class=\"elementor elementor-2891\" data-elementor-post-type=\"page\">\n\t\t\t\t<div class=\"elementor-element elementor-element-679ea4d e-flex e-con-boxed e-con e-parent\" data-id=\"679ea4d\" data-element_type=\"container\" data-e-type=\"container\">\n\t\t\t\t\t<div class=\"e-con-inner\">\n\t\t\t\t<div class=\"elementor-element elementor-element-112dede elementor-widget elementor-widget-spacer\" data-id=\"112dede\" data-element_type=\"widget\" data-e-type=\"widget\" data-widget_type=\"spacer.default\">\n\t\t\t\t<div class=\"elementor-widget-container\">\n\t\t\t\t\t\t\t<div class=\"elementor-spacer\">\n\t\t\t<div class=\"elementor-spacer-inner\"><\/div>\n\t\t<\/div>\n\t\t\t\t\t\t<\/div>\n\t\t\t\t<\/div>\n\t\t\t\t<div class=\"elementor-element elementor-element-b3df954 elementor-widget elementor-widget-heading\" data-id=\"b3df954\" data-element_type=\"widget\" data-e-type=\"widget\" data-widget_type=\"heading.default\">\n\t\t\t\t<div class=\"elementor-widget-container\">\n\t\t\t\t\t<h2 class=\"elementor-heading-title elementor-size-default\">Fr\u00fche Anmeldungen in Mamaia<\/h2>\t\t\t\t<\/div>\n\t\t\t\t<\/div>\n\t\t\t\t<div class=\"elementor-element elementor-element-b70d06c elementor-widget elementor-widget-image\" data-id=\"b70d06c\" data-element_type=\"widget\" data-e-type=\"widget\" data-widget_type=\"image.default\">\n\t\t\t\t<div class=\"elementor-widget-container\">\n\t\t\t\t\t\t\t\t\t\t\t\t\t\t\t<img fetchpriority=\"high\" decoding=\"async\" width=\"1024\" height=\"683\" src=\"https:\/\/parcmamaia.ro\/wp-content\/uploads\/2024\/03\/inscrieri-timpurii-1024x683.jpg\" class=\"attachment-large size-large wp-image-2894\" alt=\"\" srcset=\"https:\/\/parcmamaia.ro\/wp-content\/uploads\/2024\/03\/inscrieri-timpurii-1024x683.jpg 1024w, https:\/\/parcmamaia.ro\/wp-content\/uploads\/2024\/03\/inscrieri-timpurii-300x200.jpg 300w, https:\/\/parcmamaia.ro\/wp-content\/uploads\/2024\/03\/inscrieri-timpurii-768x512.jpg 768w, https:\/\/parcmamaia.ro\/wp-content\/uploads\/2024\/03\/inscrieri-timpurii-1536x1024.jpg 1536w, https:\/\/parcmamaia.ro\/wp-content\/uploads\/2024\/03\/inscrieri-timpurii.jpg 1900w\" sizes=\"(max-width: 1024px) 100vw, 1024px\" \/>\t\t\t\t\t\t\t\t\t\t\t\t\t\t\t<\/div>\n\t\t\t\t<\/div>\n\t\t\t\t<div class=\"elementor-element elementor-element-56ecd50 elementor-widget elementor-widget-text-editor\" data-id=\"56ecd50\" data-element_type=\"widget\" data-e-type=\"widget\" data-widget_type=\"text-editor.default\">\n\t\t\t\t<div class=\"elementor-widget-container\">\n\t\t\t\t\t\t\t\t\t<p>Das Programm wurde gestartet.\u00a0<strong>Fr\u00fche Anmeldungen<\/strong>\u00a0in Mamaia. Viele Hotels im Ferienort Mamaia haben sich f\u00fcr dieses Programm angemeldet, darunter auch das Hotel Parc. Der Fr\u00fchbucherzeitraum ist in der Regel vom 07.02. bis 15.04.2024. Sie k\u00f6nnen online Reisepakete zu den g\u00fcnstigsten Preisen mit Rabatten von bis zu 401 TP3T buchen.<\/p><p>Ihr Urlaub am Meer im Ferienort Mamaia kann sich finanziell lohnen, wenn Sie alles im Voraus organisieren. Jedes Angebot, das Sie nutzen m\u00f6chten, ist umso g\u00fcnstiger, je fr\u00fcher Sie es buchen. Die Sommerferien sind die am meisten erwarteten Ferien des ganzen Jahres, da sie uns immer Entspannung und Spa\u00df bieten, die wir in anderen Monaten des Jahres nicht haben.<\/p><p>Wir tr\u00e4umen schon viele Monate vor Beginn der Sommersaison vom Sommerurlaub, denn er ist die am meisten erwartete Zeit des Jahres. Die verschiedenen Tourismusmessen, die vor allem im Winter und Fr\u00fchling stattfinden, bieten zahlreiche M\u00f6glichkeiten, Ihren Urlaub am Meer in Rum\u00e4nien zu verbringen. Die gro\u00dfz\u00fcgige Sonne, der feine Sand und die vielf\u00e4ltigen Unterhaltungsm\u00f6glichkeiten am Meer sind gute Argumente, die rum\u00e4nische K\u00fcste f\u00fcr Ihren Urlaub zu w\u00e4hlen.<\/p><p>Immer mehr Rum\u00e4nen interessieren sich f\u00fcr g\u00fcnstige Pauschalreisen. Durch Fr\u00fchbucherprogramme sichern sich Hotels eine gute Auslastung f\u00fcr die Sommersaison und dar\u00fcber hinaus, beginnend mit der Winter- und Fr\u00fchlingssaison. Der Ferienort Mamaia ist bei Touristen stets beliebt, doch mit dem nahenden Beginn der Sommersaison wird es immer schwieriger, hier eine Unterkunft zu finden.<\/p><p>Die Angebote des Fr\u00fchbucherprogramms werden vor allem von Familien mit minderj\u00e4hrigen Kindern genutzt. Sie werden hier mit zahlreichen \u00dcberraschungen konfrontiert: Die zahlreichen Festivals, Veranstaltungen und Partys, die Touristen an der rum\u00e4nischen K\u00fcste erleben, garantieren jedem einen Urlaub, der seinen Erwartungen entspricht.<\/p><p>Zu den beliebtesten Angeboten z\u00e4hlen der Tag der Marine, das Festival des antiken Tomis, Modeschauen und der Karneval in Mamaia. Wer die im Rahmen dieses Fr\u00fchbucherprogramms gebuchten \u00dcbernachtungstage vollst\u00e4ndig bezahlt, kann von den gr\u00f6\u00dften Rabatten profitieren. Der Wettbewerb zwischen den rum\u00e4nischen und ausl\u00e4ndischen Badeorten in Bulgarien, Griechenland und der T\u00fcrkei wird immer h\u00e4rter, was zu immer besseren Dienstleistungen und niedrigeren Preisen f\u00fchrt.<\/p><p>Ein weiterer Vorteil einer fr\u00fchzeitigen Urlaubsbuchung besteht darin, dass Sie Ihre Sommerferien detailliert planen k\u00f6nnen. Sie k\u00f6nnen eine Route erstellen, von der Sie nicht abweichen, und die wichtigsten Sehensw\u00fcrdigkeiten in unmittelbarer N\u00e4he der rum\u00e4nischen K\u00fcste besuchen. Die sehr g\u00fcnstigen Preise des Fr\u00fchbucherprogramms (auch Early Booking genannt) erm\u00f6glichen es jedem, einen Traumurlaub an der Schwarzmeerk\u00fcste zu buchen, auch wenn er nicht \u00fcber ausreichende finanzielle Mittel verf\u00fcgt.<\/p>\t\t\t\t\t\t\t\t<\/div>\n\t\t\t\t<\/div>\n\t\t\t\t\t<\/div>\n\t\t\t\t<\/div>\n\t\t\t\t<\/div>","protected":false},"excerpt":{"rendered":"<p>\u00censcrieri timpurii \u00een Mamaia A inceput programul\u00a0Inscrieri Timpurii\u00a0la Mamaia. Multe hoteluri din statiunea Mamaia s-au inscris la acest program printre [&hellip;]<\/p>\n","protected":false},"author":1,"featured_media":0,"parent":0,"menu_order":0,"comment_status":"closed","ping_status":"closed","template":"","meta":{"_monsterinsights_skip_tracking":false,"_monsterinsights_sitenote_active":false,"_monsterinsights_sitenote_note":"","_monsterinsights_sitenote_category":0,"site-sidebar-layout":"no-sidebar","site-content-layout":"","ast-site-content-layout":"full-width-container","site-content-style":"default","site-sidebar-style":"default","ast-global-header-display":"","ast-banner-title-visibility":"","ast-main-header-display":"","ast-hfb-above-header-display":"","ast-hfb-below-header-display":"","ast-hfb-mobile-header-display":"","site-post-title":"disabled","ast-breadcrumbs-content":"","ast-featured-img":"disabled","footer-sml-layout":"","ast-disable-related-posts":"","theme-transparent-header-meta":"","adv-header-id-meta":"","stick-header-meta":"","header-above-stick-meta":"","header-main-stick-meta":"","header-below-stick-meta":"","astra-migrate-meta-layouts":"default","ast-page-background-enabled":"default","ast-page-background-meta":{"desktop":{"background-color":"var(--ast-global-color-4)","background-image":"","background-repeat":"repeat","background-position":"center center","background-size":"auto","background-attachment":"scroll","background-type":"","background-media":"","overlay-type":"","overlay-color":"","overlay-opacity":"","overlay-gradient":""},"tablet":{"background-color":"","background-image":"","background-repeat":"repeat","background-position":"center center","background-size":"auto","background-attachment":"scroll","background-type":"","background-media":"","overlay-type":"","overlay-color":"","overlay-opacity":"","overlay-gradient":""},"mobile":{"background-color":"","background-image":"","background-repeat":"repeat","background-position":"center center","background-size":"auto","background-attachment":"scroll","background-type":"","background-media":"","overlay-type":"","overlay-color":"","overlay-opacity":"","overlay-gradient":""}},"ast-content-background-meta":{"desktop":{"background-color":"var(--ast-global-color-5)","background-image":"","background-repeat":"repeat","background-position":"center center","background-size":"auto","background-attachment":"scroll","background-type":"","background-media":"","overlay-type":"","overlay-color":"","overlay-opacity":"","overlay-gradient":""},"tablet":{"background-color":"var(--ast-global-color-5)","background-image":"","background-repeat":"repeat","background-position":"center center","background-size":"auto","background-attachment":"scroll","background-type":"","background-media":"","overlay-type":"","overlay-color":"","overlay-opacity":"","overlay-gradient":""},"mobile":{"background-color":"var(--ast-global-color-5)","background-image":"","background-repeat":"repeat","background-position":"center center","background-size":"auto","background-attachment":"scroll","background-type":"","background-media":"","overlay-type":"","overlay-color":"","overlay-opacity":"","overlay-gradient":""}},"footnotes":""},"class_list":["post-2891","page","type-page","status-publish","hentry"],"aioseo_notices":[],"_links":{"self":[{"href":"https:\/\/parcmamaia.ro\/de\/wp-json\/wp\/v2\/pages\/2891","targetHints":{"allow":["GET"]}}],"collection":[{"href":"https:\/\/parcmamaia.ro\/de\/wp-json\/wp\/v2\/pages"}],"about":[{"href":"https:\/\/parcmamaia.ro\/de\/wp-json\/wp\/v2\/types\/page"}],"author":[{"embeddable":true,"href":"https:\/\/parcmamaia.ro\/de\/wp-json\/wp\/v2\/users\/1"}],"replies":[{"embeddable":true,"href":"https:\/\/parcmamaia.ro\/de\/wp-json\/wp\/v2\/comments?post=2891"}],"version-history":[{"count":3,"href":"https:\/\/parcmamaia.ro\/de\/wp-json\/wp\/v2\/pages\/2891\/revisions"}],"predecessor-version":[{"id":2897,"href":"https:\/\/parcmamaia.ro\/de\/wp-json\/wp\/v2\/pages\/2891\/revisions\/2897"}],"wp:attachment":[{"href":"https:\/\/parcmamaia.ro\/de\/wp-json\/wp\/v2\/media?parent=2891"}],"curies":[{"name":"wp","href":"https:\/\/api.w.org\/{rel}","templated":true}]}}