{"id":483,"date":"2024-03-12T17:32:18","date_gmt":"2024-03-12T17:32:18","guid":{"rendered":"https:\/\/hotelphoto.ro\/?page_id=483"},"modified":"2024-03-31T09:31:45","modified_gmt":"2024-03-31T07:31:45","slug":"camere","status":"publish","type":"page","link":"https:\/\/parcmamaia.ro\/de\/camere\/","title":{"rendered":"R\u00e4ume"},"content":{"rendered":"<div data-elementor-type=\"wp-page\" data-elementor-id=\"483\" class=\"elementor elementor-483\" data-elementor-post-type=\"page\">\n\t\t\t\t<div class=\"elementor-element elementor-element-87f7dfb e-flex e-con-boxed e-con e-parent\" data-id=\"87f7dfb\" data-element_type=\"container\" data-e-type=\"container\">\n\t\t\t\t\t<div class=\"e-con-inner\">\n\t\t\t\t<div class=\"elementor-element elementor-element-1724f7f elementor-widget elementor-widget-spacer\" data-id=\"1724f7f\" data-element_type=\"widget\" data-e-type=\"widget\" data-widget_type=\"spacer.default\">\n\t\t\t\t<div class=\"elementor-widget-container\">\n\t\t\t\t\t\t\t<div class=\"elementor-spacer\">\n\t\t\t<div class=\"elementor-spacer-inner\"><\/div>\n\t\t<\/div>\n\t\t\t\t\t\t<\/div>\n\t\t\t\t<\/div>\n\t\t\t\t\t<\/div>\n\t\t\t\t<\/div>\n\t\t<div class=\"elementor-element elementor-element-025afb2 e-flex e-con-boxed e-con e-parent\" data-id=\"025afb2\" data-element_type=\"container\" data-e-type=\"container\">\n\t\t\t\t\t<div class=\"e-con-inner\">\n\t\t\t\t<div class=\"elementor-element elementor-element-721044d elementor-widget elementor-widget-spacer\" data-id=\"721044d\" data-element_type=\"widget\" data-e-type=\"widget\" data-widget_type=\"spacer.default\">\n\t\t\t\t<div class=\"elementor-widget-container\">\n\t\t\t\t\t\t\t<div class=\"elementor-spacer\">\n\t\t\t<div class=\"elementor-spacer-inner\"><\/div>\n\t\t<\/div>\n\t\t\t\t\t\t<\/div>\n\t\t\t\t<\/div>\n\t\t\t\t\t<\/div>\n\t\t\t\t<\/div>\n\t\t<div class=\"elementor-element elementor-element-90b554f e-flex e-con-boxed e-con e-parent\" data-id=\"90b554f\" data-element_type=\"container\" data-e-type=\"container\">\n\t\t\t\t\t<div class=\"e-con-inner\">\n\t\t<div class=\"elementor-element elementor-element-074129c e-con-full e-flex e-con e-child\" data-id=\"074129c\" data-element_type=\"container\" data-e-type=\"container\">\n\t\t\t\t<div class=\"elementor-element elementor-element-47e79ea elementor-widget elementor-widget-image\" data-id=\"47e79ea\" data-element_type=\"widget\" data-e-type=\"widget\" data-widget_type=\"image.default\">\n\t\t\t\t<div class=\"elementor-widget-container\">\n\t\t\t\t\t\t\t\t\t\t\t\t\t\t\t\t<a href=\"\/de\/camere\/vista-double-room\/\">\n\t\t\t\t\t\t\t<img fetchpriority=\"high\" decoding=\"async\" width=\"1000\" height=\"666\" src=\"https:\/\/parcmamaia.ro\/wp-content\/uploads\/2024\/03\/Asset-5Camere.jpg\" class=\"attachment-large size-large wp-image-1068\" alt=\"\" srcset=\"https:\/\/parcmamaia.ro\/wp-content\/uploads\/2024\/03\/Asset-5Camere.jpg 1000w, https:\/\/parcmamaia.ro\/wp-content\/uploads\/2024\/03\/Asset-5Camere-300x200.jpg 300w, https:\/\/parcmamaia.ro\/wp-content\/uploads\/2024\/03\/Asset-5Camere-768x511.jpg 768w\" sizes=\"(max-width: 1000px) 100vw, 1000px\" \/>\t\t\t\t\t\t\t\t<\/a>\n\t\t\t\t\t\t\t\t\t\t\t\t\t\t\t<\/div>\n\t\t\t\t<\/div>\n\t\t\t\t<div class=\"elementor-element elementor-element-e58a2b3 elementor-widget elementor-widget-image\" data-id=\"e58a2b3\" data-element_type=\"widget\" data-e-type=\"widget\" data-widget_type=\"image.default\">\n\t\t\t\t<div class=\"elementor-widget-container\">\n\t\t\t\t\t\t\t\t\t\t\t\t\t\t\t\t<a href=\"\/de\/superior-double-room\/\">\n\t\t\t\t\t\t\t<img decoding=\"async\" width=\"1000\" height=\"666\" src=\"https:\/\/parcmamaia.ro\/wp-content\/uploads\/2024\/03\/Asset-4Camere.jpg\" class=\"attachment-large size-large wp-image-1066\" alt=\"\" srcset=\"https:\/\/parcmamaia.ro\/wp-content\/uploads\/2024\/03\/Asset-4Camere.jpg 1000w, https:\/\/parcmamaia.ro\/wp-content\/uploads\/2024\/03\/Asset-4Camere-300x200.jpg 300w, https:\/\/parcmamaia.ro\/wp-content\/uploads\/2024\/03\/Asset-4Camere-768x511.jpg 768w\" sizes=\"(max-width: 1000px) 100vw, 1000px\" \/>\t\t\t\t\t\t\t\t<\/a>\n\t\t\t\t\t\t\t\t\t\t\t\t\t\t\t<\/div>\n\t\t\t\t<\/div>\n\t\t\t\t<div class=\"elementor-element elementor-element-c273b7f elementor-widget elementor-widget-image\" data-id=\"c273b7f\" data-element_type=\"widget\" data-e-type=\"widget\" data-widget_type=\"image.default\">\n\t\t\t\t<div class=\"elementor-widget-container\">\n\t\t\t\t\t\t\t\t\t\t\t\t\t\t\t\t<a href=\"\/de\/camere\/apartament\/\">\n\t\t\t\t\t\t\t<img decoding=\"async\" width=\"800\" height=\"534\" src=\"https:\/\/parcmamaia.ro\/wp-content\/uploads\/2024\/03\/Seaview-Suite-Parc-Mamaia.png\" class=\"attachment-large size-large wp-image-2406\" alt=\"\" srcset=\"https:\/\/parcmamaia.ro\/wp-content\/uploads\/2024\/03\/Seaview-Suite-Parc-Mamaia.png 800w, https:\/\/parcmamaia.ro\/wp-content\/uploads\/2024\/03\/Seaview-Suite-Parc-Mamaia-300x200.png 300w, https:\/\/parcmamaia.ro\/wp-content\/uploads\/2024\/03\/Seaview-Suite-Parc-Mamaia-768x513.png 768w\" sizes=\"(max-width: 800px) 100vw, 800px\" \/>\t\t\t\t\t\t\t\t<\/a>\n\t\t\t\t\t\t\t\t\t\t\t\t\t\t\t<\/div>\n\t\t\t\t<\/div>\n\t\t\t\t<\/div>\n\t\t<div class=\"elementor-element elementor-element-ce17cab e-con-full e-flex e-con e-child\" data-id=\"ce17cab\" data-element_type=\"container\" data-e-type=\"container\">\n\t\t\t\t<div class=\"elementor-element elementor-element-68d4dc3 elementor-widget elementor-widget-image\" data-id=\"68d4dc3\" data-element_type=\"widget\" data-e-type=\"widget\" data-widget_type=\"image.default\">\n\t\t\t\t<div class=\"elementor-widget-container\">\n\t\t\t\t\t\t\t\t\t\t\t\t\t\t\t\t<a href=\"\/de\/camere\/apartament-sky\/\">\n\t\t\t\t\t\t\t<img loading=\"lazy\" decoding=\"async\" width=\"1000\" height=\"668\" src=\"https:\/\/parcmamaia.ro\/wp-content\/uploads\/2024\/03\/Asset-2Camere.jpg\" class=\"attachment-large size-large wp-image-1063\" alt=\"\" srcset=\"https:\/\/parcmamaia.ro\/wp-content\/uploads\/2024\/03\/Asset-2Camere.jpg 1000w, https:\/\/parcmamaia.ro\/wp-content\/uploads\/2024\/03\/Asset-2Camere-300x200.jpg 300w, https:\/\/parcmamaia.ro\/wp-content\/uploads\/2024\/03\/Asset-2Camere-768x513.jpg 768w\" sizes=\"(max-width: 1000px) 100vw, 1000px\" \/>\t\t\t\t\t\t\t\t<\/a>\n\t\t\t\t\t\t\t\t\t\t\t\t\t\t\t<\/div>\n\t\t\t\t<\/div>\n\t\t\t\t<div class=\"elementor-element elementor-element-0ebe332 elementor-widget elementor-widget-image\" data-id=\"0ebe332\" data-element_type=\"widget\" data-e-type=\"widget\" data-widget_type=\"image.default\">\n\t\t\t\t<div class=\"elementor-widget-container\">\n\t\t\t\t\t\t\t\t\t\t\t\t\t\t\t\t<a href=\"\/de\/superior-twin-room\/\">\n\t\t\t\t\t\t\t<img loading=\"lazy\" decoding=\"async\" width=\"1000\" height=\"666\" src=\"https:\/\/parcmamaia.ro\/wp-content\/uploads\/2024\/03\/Asset-3Camere.jpg\" class=\"attachment-large size-large wp-image-2405\" alt=\"\" srcset=\"https:\/\/parcmamaia.ro\/wp-content\/uploads\/2024\/03\/Asset-3Camere.jpg 1000w, https:\/\/parcmamaia.ro\/wp-content\/uploads\/2024\/03\/Asset-3Camere-300x200.jpg 300w, https:\/\/parcmamaia.ro\/wp-content\/uploads\/2024\/03\/Asset-3Camere-768x511.jpg 768w\" sizes=\"(max-width: 1000px) 100vw, 1000px\" \/>\t\t\t\t\t\t\t\t<\/a>\n\t\t\t\t\t\t\t\t\t\t\t\t\t\t\t<\/div>\n\t\t\t\t<\/div>\n\t\t\t\t<div class=\"elementor-element elementor-element-a3b277b elementor-widget elementor-widget-image\" data-id=\"a3b277b\" data-element_type=\"widget\" data-e-type=\"widget\" data-widget_type=\"image.default\">\n\t\t\t\t<div class=\"elementor-widget-container\">\n\t\t\t\t\t\t\t\t\t\t\t\t\t\t\t\t<a href=\"\/de\/camere\/sky-double-room\/\">\n\t\t\t\t\t\t\t<img loading=\"lazy\" decoding=\"async\" width=\"1000\" height=\"668\" src=\"https:\/\/parcmamaia.ro\/wp-content\/uploads\/2024\/03\/Asset-1Camere.jpg\" class=\"attachment-large size-large wp-image-1062\" alt=\"\" srcset=\"https:\/\/parcmamaia.ro\/wp-content\/uploads\/2024\/03\/Asset-1Camere.jpg 1000w, https:\/\/parcmamaia.ro\/wp-content\/uploads\/2024\/03\/Asset-1Camere-300x200.jpg 300w, https:\/\/parcmamaia.ro\/wp-content\/uploads\/2024\/03\/Asset-1Camere-768x513.jpg 768w\" sizes=\"(max-width: 1000px) 100vw, 1000px\" \/>\t\t\t\t\t\t\t\t<\/a>\n\t\t\t\t\t\t\t\t\t\t\t\t\t\t\t<\/div>\n\t\t\t\t<\/div>\n\t\t\t\t<\/div>\n\t\t<div class=\"elementor-element elementor-element-f921726 e-con-full e-flex e-con e-child\" data-id=\"f921726\" data-element_type=\"container\" data-e-type=\"container\">\n\t\t\t\t<div class=\"elementor-element elementor-element-fc0faef elementor-widget elementor-widget-text-editor\" data-id=\"fc0faef\" data-element_type=\"widget\" data-e-type=\"widget\" data-widget_type=\"text-editor.default\">\n\t\t\t\t<div class=\"elementor-widget-container\">\n\t\t\t\t\t\t\t\t\t<div id=\"pg-128-0\" class=\"panel-grid panel-no-style\"><div id=\"pgc-128-0-2\" class=\"panel-grid-cell\"><div id=\"panel-128-0-2-0\" class=\"so-panel widget widget_text panel-first-child panel-last-child\" data-index=\"6\"><div class=\"panel-widget-style panel-widget-style-for-128-0-2-0\"><div class=\"textwidget\">Das Hotel Parc Mamaia stellt eine Wahl dar, die jeder Liebhaber eines erholsamen Urlaubs treffen sollte, wenn er an der rum\u00e4nischen K\u00fcste ankommt. Der Komfort, die Eleganz, die Qualit\u00e4t der Dienstleistungen und das Gesamterlebnis, das Touristen in unserem Hotel erleben, sind umso mehr Gr\u00fcnde f\u00fcr diejenigen, die sich davon \u00fcberzeugen m\u00f6chten, dass sie f\u00fcr sich und ihre Familie am besten Ort \u00fcbernachtet haben. Die Doppel-, Zweibettzimmer und Apartments, die das Hotel Parc Mamaia den Touristen zur Verf\u00fcgung stellt, decken ein breites Spektrum an Geschm\u00e4ckern ab und sind so konzipiert, dass sie allen Kategorien von Kunden gerecht werden, die unsere Dienstleistungen in Anspruch nehmen. Familien, Paare auf der Suche nach einem unvergesslichen Abenteuer und andere Kundengruppen, die in gro\u00dfen Gruppen anreisen, finden im Hotel Parc Mamaia den idealen Ort, um einen unvergesslichen Urlaub am Meer zu verbringen, im besten Ferienort an der K\u00fcste Rum\u00e4niens. Die rum\u00e4nische K\u00fcste bietet zahlreiche Attraktionen f\u00fcr diejenigen, die nicht alle wundervollen Orte besuchen konnten, die es hier gibt. Das Donaudelta, der Siutghiol-See, Wassersport und Clubs voller Leben und Spa\u00df sind nur einige davon.<\/div><\/div><\/div><\/div><\/div><div id=\"pg-128-1\" class=\"panel-grid panel-no-style\"><div id=\"pgc-128-1-0\" class=\"panel-grid-cell\"><div id=\"panel-128-1-0-0\" class=\"so-panel widget widget_text panel-first-child\" data-index=\"7\"><div class=\"panel-widget-style panel-widget-style-for-128-1-0-0\">\u00a0<\/div><\/div><\/div><\/div>\t\t\t\t\t\t\t\t<\/div>\n\t\t\t\t<\/div>\n\t\t\t\t<\/div>\n\t\t\t\t\t<\/div>\n\t\t\t\t<\/div>\n\t\t\t\t<\/div>","protected":false},"excerpt":{"rendered":"<p>[:ro] Hotel Parc Mamaia reprezint\u0103 o alegere pe care orice iubitor de vacante relaxante ar trebui sa o fac\u0103 atunci [&hellip;]<\/p>\n","protected":false},"author":1,"featured_media":0,"parent":0,"menu_order":0,"comment_status":"closed","ping_status":"closed","template":"elementor_header_footer","meta":{"_monsterinsights_skip_tracking":false,"_monsterinsights_sitenote_active":false,"_monsterinsights_sitenote_note":"","_monsterinsights_sitenote_category":0,"site-sidebar-layout":"no-sidebar","site-content-layout":"","ast-site-content-layout":"full-width-container","site-content-style":"default","site-sidebar-style":"default","ast-global-header-display":"","ast-banner-title-visibility":"","ast-main-header-display":"","ast-hfb-above-header-display":"","ast-hfb-below-header-display":"","ast-hfb-mobile-header-display":"","site-post-title":"disabled","ast-breadcrumbs-content":"","ast-featured-img":"disabled","footer-sml-layout":"","ast-disable-related-posts":"","theme-transparent-header-meta":"default","adv-header-id-meta":"","stick-header-meta":"","header-above-stick-meta":"","header-main-stick-meta":"","header-below-stick-meta":"","astra-migrate-meta-layouts":"set","ast-page-background-enabled":"default","ast-page-background-meta":{"desktop":{"background-color":"var(--ast-global-color-4)","background-image":"","background-repeat":"repeat","background-position":"center center","background-size":"auto","background-attachment":"scroll","background-type":"","background-media":"","overlay-type":"","overlay-color":"","overlay-opacity":"","overlay-gradient":""},"tablet":{"background-color":"","background-image":"","background-repeat":"repeat","background-position":"center center","background-size":"auto","background-attachment":"scroll","background-type":"","background-media":"","overlay-type":"","overlay-color":"","overlay-opacity":"","overlay-gradient":""},"mobile":{"background-color":"","background-image":"","background-repeat":"repeat","background-position":"center center","background-size":"auto","background-attachment":"scroll","background-type":"","background-media":"","overlay-type":"","overlay-color":"","overlay-opacity":"","overlay-gradient":""}},"ast-content-background-meta":{"desktop":{"background-color":"var(--ast-global-color-5)","background-image":"","background-repeat":"repeat","background-position":"center center","background-size":"auto","background-attachment":"scroll","background-type":"","background-media":"","overlay-type":"","overlay-color":"","overlay-opacity":"","overlay-gradient":""},"tablet":{"background-color":"var(--ast-global-color-5)","background-image":"","background-repeat":"repeat","background-position":"center center","background-size":"auto","background-attachment":"scroll","background-type":"","background-media":"","overlay-type":"","overlay-color":"","overlay-opacity":"","overlay-gradient":""},"mobile":{"background-color":"var(--ast-global-color-5)","background-image":"","background-repeat":"repeat","background-position":"center center","background-size":"auto","background-attachment":"scroll","background-type":"","background-media":"","overlay-type":"","overlay-color":"","overlay-opacity":"","overlay-gradient":""}},"footnotes":""},"class_list":["post-483","page","type-page","status-publish","hentry"],"aioseo_notices":[],"_links":{"self":[{"href":"https:\/\/parcmamaia.ro\/de\/wp-json\/wp\/v2\/pages\/483","targetHints":{"allow":["GET"]}}],"collection":[{"href":"https:\/\/parcmamaia.ro\/de\/wp-json\/wp\/v2\/pages"}],"about":[{"href":"https:\/\/parcmamaia.ro\/de\/wp-json\/wp\/v2\/types\/page"}],"author":[{"embeddable":true,"href":"https:\/\/parcmamaia.ro\/de\/wp-json\/wp\/v2\/users\/1"}],"replies":[{"embeddable":true,"href":"https:\/\/parcmamaia.ro\/de\/wp-json\/wp\/v2\/comments?post=483"}],"version-history":[{"count":20,"href":"https:\/\/parcmamaia.ro\/de\/wp-json\/wp\/v2\/pages\/483\/revisions"}],"predecessor-version":[{"id":2759,"href":"https:\/\/parcmamaia.ro\/de\/wp-json\/wp\/v2\/pages\/483\/revisions\/2759"}],"wp:attachment":[{"href":"https:\/\/parcmamaia.ro\/de\/wp-json\/wp\/v2\/media?parent=483"}],"curies":[{"name":"wp","href":"https:\/\/api.w.org\/{rel}","templated":true}]}}