{"id":515,"date":"2024-03-12T17:42:22","date_gmt":"2024-03-12T17:42:22","guid":{"rendered":"https:\/\/hotelphoto.ro\/?page_id=515"},"modified":"2024-03-31T18:53:50","modified_gmt":"2024-03-31T16:53:50","slug":"beauty-center","status":"publish","type":"page","link":"https:\/\/parcmamaia.ro\/de\/servicii\/beauty-center\/","title":{"rendered":"Strandmassage"},"content":{"rendered":"<div data-elementor-type=\"wp-page\" data-elementor-id=\"515\" class=\"elementor elementor-515\" data-elementor-post-type=\"page\">\n\t\t\t\t<div class=\"elementor-element elementor-element-3e93afa5 e-flex e-con-boxed e-con e-parent\" data-id=\"3e93afa5\" data-element_type=\"container\" data-e-type=\"container\">\n\t\t\t\t\t<div class=\"e-con-inner\">\n\t\t\t\t<div class=\"elementor-element elementor-element-aa5fa00 elementor-widget elementor-widget-spacer\" data-id=\"aa5fa00\" data-element_type=\"widget\" data-e-type=\"widget\" data-widget_type=\"spacer.default\">\n\t\t\t\t<div class=\"elementor-widget-container\">\n\t\t\t\t\t\t\t<div class=\"elementor-spacer\">\n\t\t\t<div class=\"elementor-spacer-inner\"><\/div>\n\t\t<\/div>\n\t\t\t\t\t\t<\/div>\n\t\t\t\t<\/div>\n\t\t\t\t\t<\/div>\n\t\t\t\t<\/div>\n\t\t<div class=\"elementor-element elementor-element-6fe7b242 e-con-full e-flex e-con e-parent\" data-id=\"6fe7b242\" data-element_type=\"container\" data-e-type=\"container\">\n\t\t\t\t<\/div>\n\t\t<div class=\"elementor-element elementor-element-48008aa1 e-flex e-con-boxed e-con e-parent\" data-id=\"48008aa1\" data-element_type=\"container\" data-e-type=\"container\">\n\t\t\t\t\t<div class=\"e-con-inner\">\n\t\t\t\t<div class=\"elementor-element elementor-element-2a4e85c0 elementor-widget elementor-widget-spacer\" data-id=\"2a4e85c0\" data-element_type=\"widget\" data-e-type=\"widget\" data-widget_type=\"spacer.default\">\n\t\t\t\t<div class=\"elementor-widget-container\">\n\t\t\t\t\t\t\t<div class=\"elementor-spacer\">\n\t\t\t<div class=\"elementor-spacer-inner\"><\/div>\n\t\t<\/div>\n\t\t\t\t\t\t<\/div>\n\t\t\t\t<\/div>\n\t\t\t\t\t<\/div>\n\t\t\t\t<\/div>\n\t\t<div class=\"elementor-element elementor-element-561344d e-flex e-con-boxed e-con e-parent\" data-id=\"561344d\" data-element_type=\"container\" data-e-type=\"container\">\n\t\t\t\t\t<div class=\"e-con-inner\">\n\t\t\t\t<div class=\"elementor-element elementor-element-5cfdc095 elementor-widget elementor-widget-spacer\" data-id=\"5cfdc095\" data-element_type=\"widget\" data-e-type=\"widget\" data-widget_type=\"spacer.default\">\n\t\t\t\t<div class=\"elementor-widget-container\">\n\t\t\t\t\t\t\t<div class=\"elementor-spacer\">\n\t\t\t<div class=\"elementor-spacer-inner\"><\/div>\n\t\t<\/div>\n\t\t\t\t\t\t<\/div>\n\t\t\t\t<\/div>\n\t\t\t\t\t<\/div>\n\t\t\t\t<\/div>\n\t\t<div class=\"elementor-element elementor-element-7d31069b e-con-full e-flex e-con e-parent\" data-id=\"7d31069b\" data-element_type=\"container\" data-e-type=\"container\">\n\t\t<div class=\"elementor-element elementor-element-6bd2ef7 e-con-full e-flex e-con e-child\" data-id=\"6bd2ef7\" data-element_type=\"container\" data-e-type=\"container\" data-settings=\"{&quot;background_background&quot;:&quot;classic&quot;}\">\n\t\t\t\t<div class=\"elementor-element elementor-element-47293078 animated-fast elementor-invisible elementor-widget elementor-widget-elementskit-heading\" data-id=\"47293078\" data-element_type=\"widget\" data-e-type=\"widget\" data-settings=\"{&quot;_animation&quot;:&quot;fadeInUp&quot;,&quot;_animation_delay&quot;:150}\" data-widget_type=\"elementskit-heading.default\">\n\t\t\t\t<div class=\"elementor-widget-container\">\n\t\t\t\t\t<div class=\"ekit-wid-con\" ><div class=\"ekit-heading elementskit-section-title-wraper text_center   ekit_heading_tablet-   ekit_heading_mobile-\"><h1 class=\"ekit-heading--title elementskit-section-title\">Massage am Strand<\/h1><h2 class=\"ekit-heading--subtitle elementskit-section-subtitle\">\n\t\t\t\t\t\tKombinieren Sie das Vergn\u00fcgen der Sonne mit dem Zauber einer Massage im feinen Sand!\n\t\t\t\t\t<\/h2><\/div><\/div>\t\t\t\t<\/div>\n\t\t\t\t<\/div>\n\t\t\t\t<\/div>\n\t\t\t\t<\/div>\n\t\t<div class=\"elementor-element elementor-element-54013652 e-flex e-con-boxed e-con e-parent\" data-id=\"54013652\" data-element_type=\"container\" data-e-type=\"container\">\n\t\t\t\t\t<div class=\"e-con-inner\">\n\t\t<div class=\"elementor-element elementor-element-e78218c e-flex e-con-boxed e-con e-child\" data-id=\"e78218c\" data-element_type=\"container\" data-e-type=\"container\">\n\t\t\t\t\t<div class=\"e-con-inner\">\n\t\t<div class=\"elementor-element elementor-element-2601b76a e-flex e-con-boxed e-con e-child\" data-id=\"2601b76a\" data-element_type=\"container\" data-e-type=\"container\">\n\t\t\t\t\t<div class=\"e-con-inner\">\n\t\t<div class=\"elementor-element elementor-element-13eed947 e-con-full e-flex e-con e-child\" data-id=\"13eed947\" data-element_type=\"container\" data-e-type=\"container\">\n\t\t\t\t<div class=\"elementor-element elementor-element-18f869b elementor-widget elementor-widget-jkit_testimonials\" data-id=\"18f869b\" data-element_type=\"widget\" data-e-type=\"widget\" data-widget_type=\"jkit_testimonials.default\">\n\t\t\t\t<div class=\"elementor-widget-container\">\n\t\t\t\t\t<div  class=\"jeg-elementor-kit jkit-testimonials arrow-middle-edge style-2  jeg_module___69e8ec8e29e57\"  data-id=\"jeg_module___69e8ec8e29e57\" data-settings=\"{&quot;autoplay&quot;:true,&quot;autoplay_speed&quot;:3500,&quot;autoplay_hover_pause&quot;:false,&quot;show_navigation&quot;:true,&quot;navigation_left&quot;:&quot;&lt;span&gt;&lt;i aria-hidden=\\&quot;true\\&quot; class=\\&quot;icon icon-left-arrows\\&quot;&gt;&lt;\\\/i&gt;&lt;\\\/span&gt;&quot;,&quot;navigation_right&quot;:&quot;&lt;span&gt;&lt;i aria-hidden=\\&quot;true\\&quot; class=\\&quot;icon icon-right-arrow1\\&quot;&gt;&lt;\\\/i&gt;&lt;\\\/span&gt;&quot;,&quot;show_dots&quot;:false,&quot;arrow_position&quot;:&quot;bottom&quot;,&quot;responsive&quot;:{&quot;desktop&quot;:{&quot;items&quot;:1,&quot;margin&quot;:10,&quot;breakpoint&quot;:1367},&quot;laptop&quot;:{&quot;items&quot;:1,&quot;margin&quot;:10,&quot;breakpoint&quot;:1025},&quot;tablet&quot;:{&quot;items&quot;:1,&quot;margin&quot;:10,&quot;breakpoint&quot;:768},&quot;mobile&quot;:{&quot;items&quot;:1,&quot;margin&quot;:10,&quot;breakpoint&quot;:0}}}\"><div class=\"testimonials-list\">\n            <div class=\"testimonials-track\"><div class=\"testimonial-item  elementor-repeater-item-87b490b\">\n                    <div class=\"testimonial-box hover-from-left\" >\n                        <div class=\"comment-header\"><ul class=\"rating-stars\"><\/ul><\/div>\n                <div class=\"comment-bio\"><div class=\"bio-details\">\n                <div class=\"profile-image\"><img fetchpriority=\"high\" decoding=\"async\" width=\"813\" height=\"606\" src=\"https:\/\/parcmamaia.ro\/wp-content\/uploads\/2024\/03\/Asset-08.png\" class=\"source-url\" alt=\"\" url=\"https:\/\/hotelphoto.ro\/wp-content\/uploads\/2024\/03\/Asset-08.png\" srcset=\"https:\/\/parcmamaia.ro\/wp-content\/uploads\/2024\/03\/Asset-08.png 813w, https:\/\/parcmamaia.ro\/wp-content\/uploads\/2024\/03\/Asset-08-300x224.png 300w, https:\/\/parcmamaia.ro\/wp-content\/uploads\/2024\/03\/Asset-08-768x572.png 768w\" sizes=\"(max-width: 813px) 100vw, 813px\" \/><\/div>\n                <span class=\"profile-info\">\n                    <strong class=\"profile-name\"><\/strong>\n                    <p class=\"profile-des\"><\/p>\n                <\/span>\n            <\/div><div class=\"icon-content\"><\/div><\/div>\n                <div class=\"comment-content\"><p><\/p><\/div>\n                    <\/div>\n                <\/div><\/div>\n        <\/div><\/div>\t\t\t\t<\/div>\n\t\t\t\t<\/div>\n\t\t\t\t<\/div>\n\t\t<div class=\"elementor-element elementor-element-3a629d81 e-con-full e-flex e-con e-child\" data-id=\"3a629d81\" data-element_type=\"container\" data-e-type=\"container\">\n\t\t\t\t<div class=\"elementor-element elementor-element-da1a40d elementor-widget elementor-widget-heading\" data-id=\"da1a40d\" data-element_type=\"widget\" data-e-type=\"widget\" data-widget_type=\"heading.default\">\n\t\t\t\t<div class=\"elementor-widget-container\">\n\t\t\t\t\t<h2 class=\"elementor-heading-title elementor-size-default\">Strandmassage<\/h2>\t\t\t\t<\/div>\n\t\t\t\t<\/div>\n\t\t\t\t<div class=\"elementor-element elementor-element-6c4a1fbc elementor-widget elementor-widget-text-editor\" data-id=\"6c4a1fbc\" data-element_type=\"widget\" data-e-type=\"widget\" data-widget_type=\"text-editor.default\">\n\t\t\t\t<div class=\"elementor-widget-container\">\n\t\t\t\t\t\t\t\t\t<div id=\"panel-287-0-0-1\" class=\"so-panel widget widget_gab_about_widget gab_about_widget\" data-index=\"1\"><div id=\"pg-148-0\" class=\"panel-grid panel-no-style\"><div id=\"pgc-148-0-1\" class=\"panel-grid-cell\"><div id=\"panel-148-0-1-0\" class=\"so-panel widget widget_black-studio-tinymce widget_black_studio_tinymce panel-first-child panel-last-child\" data-index=\"1\"><div class=\"textwidget\"><p>Im Hotel Parc ist jedes Detail des Strandmassageservices auf Ihren Komfort und Ihre Privatsph\u00e4re ausgelegt, von der au\u00dfergew\u00f6hnlichen Qualit\u00e4t der Massage\u00f6le bis hin zur idealen Lage am Strand, die f\u00fcr eine Atmosph\u00e4re der Ruhe und Exklusivit\u00e4t sorgt. Wir laden Sie ein, dieses Erlebnis zu erleben, bei dem die nat\u00fcrliche Sch\u00f6nheit Mamaias und unsere au\u00dfergew\u00f6hnlichen Dienstleistungen zusammenkommen, um Ihnen einen Moment tiefer Entspannung und Wiedervereinigung mit sich selbst zu bieten.<\/p><p>Buchen Sie jetzt eine Strandmassage im Parc Hotel und lassen Sie sich von uns auf eine unvergessliche Reise begleiten, bei der sich Ihr k\u00f6rperliches Wohlbefinden und Ihre innere Ruhe unter freiem Himmel und im Einklang mit dem Rhythmus des Meeres harmonisch verbinden.<\/p><\/div><\/div><\/div><\/div><\/div>\t\t\t\t\t\t\t\t<\/div>\n\t\t\t\t<\/div>\n\t\t\t\t<\/div>\n\t\t\t\t\t<\/div>\n\t\t\t\t<\/div>\n\t\t\t\t\t<\/div>\n\t\t\t\t<\/div>\n\t\t\t\t<div class=\"elementor-element elementor-element-64618787 elementor-widget elementor-widget-spacer\" data-id=\"64618787\" data-element_type=\"widget\" data-e-type=\"widget\" data-widget_type=\"spacer.default\">\n\t\t\t\t<div class=\"elementor-widget-container\">\n\t\t\t\t\t\t\t<div class=\"elementor-spacer\">\n\t\t\t<div class=\"elementor-spacer-inner\"><\/div>\n\t\t<\/div>\n\t\t\t\t\t\t<\/div>\n\t\t\t\t<\/div>\n\t\t\t\t\t<\/div>\n\t\t\t\t<\/div>\n\t\t\t\t<\/div>","protected":false},"excerpt":{"rendered":"<p>Masaj pe plaj\u0103 \u00cembin\u0103 pl\u0103cerea soarelui cu magia unui masaj pe nisipul fin! Beach Massage La Hotelul Parc, fiecare detaliu [&hellip;]<\/p>\n","protected":false},"author":1,"featured_media":0,"parent":509,"menu_order":0,"comment_status":"closed","ping_status":"closed","template":"elementor_header_footer","meta":{"_monsterinsights_skip_tracking":false,"_monsterinsights_sitenote_active":false,"_monsterinsights_sitenote_note":"","_monsterinsights_sitenote_category":0,"site-sidebar-layout":"no-sidebar","site-content-layout":"","ast-site-content-layout":"full-width-container","site-content-style":"default","site-sidebar-style":"default","ast-global-header-display":"","ast-banner-title-visibility":"","ast-main-header-display":"","ast-hfb-above-header-display":"","ast-hfb-below-header-display":"","ast-hfb-mobile-header-display":"","site-post-title":"disabled","ast-breadcrumbs-content":"","ast-featured-img":"disabled","footer-sml-layout":"","ast-disable-related-posts":"","theme-transparent-header-meta":"default","adv-header-id-meta":"","stick-header-meta":"","header-above-stick-meta":"","header-main-stick-meta":"","header-below-stick-meta":"","astra-migrate-meta-layouts":"set","ast-page-background-enabled":"default","ast-page-background-meta":{"desktop":{"background-color":"var(--ast-global-color-4)","background-image":"","background-repeat":"repeat","background-position":"center center","background-size":"auto","background-attachment":"scroll","background-type":"","background-media":"","overlay-type":"","overlay-color":"","overlay-opacity":"","overlay-gradient":""},"tablet":{"background-color":"","background-image":"","background-repeat":"repeat","background-position":"center center","background-size":"auto","background-attachment":"scroll","background-type":"","background-media":"","overlay-type":"","overlay-color":"","overlay-opacity":"","overlay-gradient":""},"mobile":{"background-color":"","background-image":"","background-repeat":"repeat","background-position":"center center","background-size":"auto","background-attachment":"scroll","background-type":"","background-media":"","overlay-type":"","overlay-color":"","overlay-opacity":"","overlay-gradient":""}},"ast-content-background-meta":{"desktop":{"background-color":"var(--ast-global-color-5)","background-image":"","background-repeat":"repeat","background-position":"center center","background-size":"auto","background-attachment":"scroll","background-type":"","background-media":"","overlay-type":"","overlay-color":"","overlay-opacity":"","overlay-gradient":""},"tablet":{"background-color":"var(--ast-global-color-5)","background-image":"","background-repeat":"repeat","background-position":"center center","background-size":"auto","background-attachment":"scroll","background-type":"","background-media":"","overlay-type":"","overlay-color":"","overlay-opacity":"","overlay-gradient":""},"mobile":{"background-color":"var(--ast-global-color-5)","background-image":"","background-repeat":"repeat","background-position":"center center","background-size":"auto","background-attachment":"scroll","background-type":"","background-media":"","overlay-type":"","overlay-color":"","overlay-opacity":"","overlay-gradient":""}},"footnotes":""},"class_list":["post-515","page","type-page","status-publish","hentry"],"aioseo_notices":[],"_links":{"self":[{"href":"https:\/\/parcmamaia.ro\/de\/wp-json\/wp\/v2\/pages\/515","targetHints":{"allow":["GET"]}}],"collection":[{"href":"https:\/\/parcmamaia.ro\/de\/wp-json\/wp\/v2\/pages"}],"about":[{"href":"https:\/\/parcmamaia.ro\/de\/wp-json\/wp\/v2\/types\/page"}],"author":[{"embeddable":true,"href":"https:\/\/parcmamaia.ro\/de\/wp-json\/wp\/v2\/users\/1"}],"replies":[{"embeddable":true,"href":"https:\/\/parcmamaia.ro\/de\/wp-json\/wp\/v2\/comments?post=515"}],"version-history":[{"count":4,"href":"https:\/\/parcmamaia.ro\/de\/wp-json\/wp\/v2\/pages\/515\/revisions"}],"predecessor-version":[{"id":2884,"href":"https:\/\/parcmamaia.ro\/de\/wp-json\/wp\/v2\/pages\/515\/revisions\/2884"}],"up":[{"embeddable":true,"href":"https:\/\/parcmamaia.ro\/de\/wp-json\/wp\/v2\/pages\/509"}],"wp:attachment":[{"href":"https:\/\/parcmamaia.ro\/de\/wp-json\/wp\/v2\/media?parent=515"}],"curies":[{"name":"wp","href":"https:\/\/api.w.org\/{rel}","templated":true}]}}