{"id":569,"date":"2024-03-12T18:05:11","date_gmt":"2024-03-12T18:05:11","guid":{"rendered":"https:\/\/hotelphoto.ro\/?page_id=569"},"modified":"2024-06-29T09:11:38","modified_gmt":"2024-06-29T07:11:38","slug":"plaja-mamaia","status":"publish","type":"page","link":"https:\/\/parcmamaia.ro\/de\/plaja-mamaia\/","title":{"rendered":"Mamaia-Strand"},"content":{"rendered":"<div data-elementor-type=\"wp-page\" data-elementor-id=\"569\" class=\"elementor elementor-569\" data-elementor-post-type=\"page\">\n\t\t\t\t<div class=\"elementor-element elementor-element-29ee018a e-flex e-con-boxed e-con e-parent\" data-id=\"29ee018a\" data-element_type=\"container\" data-e-type=\"container\">\n\t\t\t\t\t<div class=\"e-con-inner\">\n\t\t\t\t<div class=\"elementor-element elementor-element-4d150424 elementor-widget elementor-widget-spacer\" data-id=\"4d150424\" data-element_type=\"widget\" data-e-type=\"widget\" data-widget_type=\"spacer.default\">\n\t\t\t\t<div class=\"elementor-widget-container\">\n\t\t\t\t\t\t\t<div class=\"elementor-spacer\">\n\t\t\t<div class=\"elementor-spacer-inner\"><\/div>\n\t\t<\/div>\n\t\t\t\t\t\t<\/div>\n\t\t\t\t<\/div>\n\t\t\t\t\t<\/div>\n\t\t\t\t<\/div>\n\t\t<div class=\"elementor-element elementor-element-9ef489 e-con-full e-flex e-con e-parent\" data-id=\"9ef489\" data-element_type=\"container\" data-e-type=\"container\">\n\t\t<div class=\"elementor-element elementor-element-23266b79 e-con-full e-flex e-con e-child\" data-id=\"23266b79\" data-element_type=\"container\" data-e-type=\"container\" data-settings=\"{&quot;background_background&quot;:&quot;classic&quot;}\">\n\t\t\t\t<div class=\"elementor-element elementor-element-7cfccdc6 animated-fast elementor-invisible elementor-widget elementor-widget-elementskit-heading\" data-id=\"7cfccdc6\" data-element_type=\"widget\" data-e-type=\"widget\" data-settings=\"{&quot;_animation&quot;:&quot;fadeInUp&quot;,&quot;_animation_delay&quot;:150}\" data-widget_type=\"elementskit-heading.default\">\n\t\t\t\t<div class=\"elementor-widget-container\">\n\t\t\t\t\t<div class=\"ekit-wid-con\" ><div class=\"ekit-heading elementskit-section-title-wraper text_center   ekit_heading_tablet-   ekit_heading_mobile-\"><h1 class=\"ekit-heading--title elementskit-section-title\">Mamaia Beach, Park Hotel<\/h1><h2 class=\"ekit-heading--subtitle elementskit-section-subtitle\">\n\t\t\t\t\t\tSuperfeiner Sand, nur 100 m vom Hotel bis zum Wasser entfernt, mit Sonnenliegen, die speziell f\u00fcr die Kunden unseres Hotels reserviert und kostenlos angeboten werden, in den Reihen 5-10 vom Meer entfernt. Gegen einen Aufpreis von 25 Lei\/Tag und Person k\u00f6nnen Sie auch die ersten Reihen belegen. Der Strand ist ab dem 01.06.2024 ge\u00f6ffnet\n\t\t\t\t\t<\/h2><\/div><\/div>\t\t\t\t<\/div>\n\t\t\t\t<\/div>\n\t\t\t\t<\/div>\n\t\t\t\t<\/div>\n\t\t<div class=\"elementor-element elementor-element-40f8f085 e-flex e-con-boxed e-con e-parent\" data-id=\"40f8f085\" data-element_type=\"container\" data-e-type=\"container\">\n\t\t\t\t\t<div class=\"e-con-inner\">\n\t\t<div class=\"elementor-element elementor-element-69884787 e-flex e-con-boxed e-con e-child\" data-id=\"69884787\" data-element_type=\"container\" data-e-type=\"container\">\n\t\t\t\t\t<div class=\"e-con-inner\">\n\t\t<div class=\"elementor-element elementor-element-7084706f e-flex e-con-boxed e-con e-child\" data-id=\"7084706f\" data-element_type=\"container\" data-e-type=\"container\">\n\t\t\t\t\t<div class=\"e-con-inner\">\n\t\t<div class=\"elementor-element elementor-element-33447dcc e-con-full e-flex e-con e-child\" data-id=\"33447dcc\" data-element_type=\"container\" data-e-type=\"container\">\n\t\t\t\t<div class=\"elementor-element elementor-element-790d48a elementor-widget-laptop__width-initial elementor-widget elementor-widget-jkit_testimonials\" data-id=\"790d48a\" data-element_type=\"widget\" data-e-type=\"widget\" data-widget_type=\"jkit_testimonials.default\">\n\t\t\t\t<div class=\"elementor-widget-container\">\n\t\t\t\t\t<div  class=\"jeg-elementor-kit jkit-testimonials arrow-middle-edge style-2  jeg_module___69e8ee6edf991\"  data-id=\"jeg_module___69e8ee6edf991\" data-settings=\"{&quot;autoplay&quot;:true,&quot;autoplay_speed&quot;:3500,&quot;autoplay_hover_pause&quot;:false,&quot;show_navigation&quot;:true,&quot;navigation_left&quot;:&quot;&lt;span&gt;&lt;i aria-hidden=\\&quot;true\\&quot; class=\\&quot;icon icon-left-arrows\\&quot;&gt;&lt;\\\/i&gt;&lt;\\\/span&gt;&quot;,&quot;navigation_right&quot;:&quot;&lt;span&gt;&lt;i aria-hidden=\\&quot;true\\&quot; class=\\&quot;icon icon-right-arrow1\\&quot;&gt;&lt;\\\/i&gt;&lt;\\\/span&gt;&quot;,&quot;show_dots&quot;:false,&quot;arrow_position&quot;:&quot;bottom&quot;,&quot;responsive&quot;:{&quot;desktop&quot;:{&quot;items&quot;:1,&quot;margin&quot;:10,&quot;breakpoint&quot;:1367},&quot;laptop&quot;:{&quot;items&quot;:1,&quot;margin&quot;:10,&quot;breakpoint&quot;:1025},&quot;tablet&quot;:{&quot;items&quot;:1,&quot;margin&quot;:10,&quot;breakpoint&quot;:768},&quot;mobile&quot;:{&quot;items&quot;:1,&quot;margin&quot;:10,&quot;breakpoint&quot;:0}}}\"><div class=\"testimonials-list\">\n            <div class=\"testimonials-track\"><div class=\"testimonial-item  elementor-repeater-item-87b490b\">\n                    <div class=\"testimonial-box hover-from-left\" >\n                        <div class=\"comment-header\"><ul class=\"rating-stars\"><\/ul><\/div>\n                <div class=\"comment-bio\"><div class=\"bio-details\">\n                <div class=\"profile-image\"><img fetchpriority=\"high\" decoding=\"async\" width=\"813\" height=\"606\" src=\"https:\/\/parcmamaia.ro\/wp-content\/uploads\/2024\/03\/Asset-08.png\" class=\"source-url\" alt=\"\" url=\"https:\/\/hotelphoto.ro\/wp-content\/uploads\/2024\/03\/Asset-08.png\" srcset=\"https:\/\/parcmamaia.ro\/wp-content\/uploads\/2024\/03\/Asset-08.png 813w, https:\/\/parcmamaia.ro\/wp-content\/uploads\/2024\/03\/Asset-08-300x224.png 300w, https:\/\/parcmamaia.ro\/wp-content\/uploads\/2024\/03\/Asset-08-768x572.png 768w\" sizes=\"(max-width: 813px) 100vw, 813px\" \/><\/div>\n                <span class=\"profile-info\">\n                    <strong class=\"profile-name\"><\/strong>\n                    <p class=\"profile-des\"><\/p>\n                <\/span>\n            <\/div><div class=\"icon-content\"><\/div><\/div>\n                <div class=\"comment-content\"><p><\/p><\/div>\n                    <\/div>\n                <\/div><\/div>\n        <\/div><\/div>\t\t\t\t<\/div>\n\t\t\t\t<\/div>\n\t\t\t\t<\/div>\n\t\t<div class=\"elementor-element elementor-element-52645812 e-con-full e-flex e-con e-child\" data-id=\"52645812\" data-element_type=\"container\" data-e-type=\"container\">\n\t\t\t\t<div class=\"elementor-element elementor-element-1c74879e elementor-widget elementor-widget-text-editor\" data-id=\"1c74879e\" data-element_type=\"widget\" data-e-type=\"widget\" data-widget_type=\"text-editor.default\">\n\t\t\t\t<div class=\"elementor-widget-container\">\n\t\t\t\t\t\t\t\t\t<p><span style=\"color: #666666; font-family: Verdana, Verdana, Geneva, sans-serif; font-size: 14px; letter-spacing: normal;\">Unser Hotel liegt am Strand des Ferienortes Mamaia und bietet\u00a0<\/span><strong style=\"border: 0px; font-family: Verdana, Verdana, Geneva, sans-serif; font-size: 14px; margin: 0px; outline: 0px; padding: 0px; vertical-align: baseline; color: #666666; letter-spacing: normal;\">kostenlose Sonnenliegen<\/strong><span style=\"color: #666666; font-family: Verdana, Verdana, Geneva, sans-serif; font-size: 14px; letter-spacing: normal;\">\u00a0in dem speziell f\u00fcr unsere Kunden eingerichteten Bereich.<\/span><br style=\"color: #666666; font-family: Verdana, Verdana, Geneva, sans-serif; font-size: 14px; letter-spacing: normal;\" \/><span style=\"color: #666666; font-family: Verdana, Verdana, Geneva, sans-serif; font-size: 14px; letter-spacing: normal;\">Unser Strand hat normale Ausma\u00dfe\u00a0<\/span><strong style=\"border: 0px; font-family: Verdana, Verdana, Geneva, sans-serif; font-size: 14px; margin: 0px; outline: 0px; padding: 0px; vertical-align: baseline; color: #666666; letter-spacing: normal;\">nur 130 m bis zum Wasserrand<\/strong><span style=\"color: #666666; font-family: Verdana, Verdana, Geneva, sans-serif; font-size: 14px; letter-spacing: normal;\">, die gleichen Ausma\u00dfe wie in den Vorjahren, da es ab 2021 durch das europ\u00e4ische Projekt zur Erweiterung der Str\u00e4nde des Mamaia-Resorts nicht erweitert wurde.<\/span><br style=\"color: #666666; font-family: Verdana, Verdana, Geneva, sans-serif; font-size: 14px; letter-spacing: normal;\" \/><span style=\"color: #666666; font-family: Verdana, Verdana, Geneva, sans-serif; font-size: 14px; letter-spacing: normal;\">Mit sehr bequemen Sonnenliegen, Schaumstoffmatratzen und Strohschirmen erwartet Sie unser Strand zum Entspannen und Genie\u00dfen der sonnigen Tage am Meer.<\/span><br style=\"color: #666666; font-family: Verdana, Verdana, Geneva, sans-serif; font-size: 14px; letter-spacing: normal;\" \/><span style=\"color: #666666; font-family: Verdana, Verdana, Geneva, sans-serif; font-size: 14px; letter-spacing: normal;\">Ein ... haben\u00a0<\/span><strong style=\"border: 0px; font-family: Verdana, Verdana, Geneva, sans-serif; font-size: 14px; margin: 0px; outline: 0px; padding: 0px; vertical-align: baseline; color: #666666; letter-spacing: normal;\">Sehr sanfter Einstieg ins Meer<\/strong><span style=\"color: #666666; font-family: Verdana, Verdana, Geneva, sans-serif; font-size: 14px; letter-spacing: normal;\">Familien mit Kindern k\u00f6nnen sich frei entspannen und die Kleinen k\u00f6nnen im flachen Wasser spielen und dabei die Meeresbrise und die ruhigen Wellen genie\u00dfen.<\/span><br style=\"color: #666666; font-family: Verdana, Verdana, Geneva, sans-serif; font-size: 14px; letter-spacing: normal;\" \/><span style=\"color: #666666; font-family: Verdana, Verdana, Geneva, sans-serif; font-size: 14px; letter-spacing: normal;\">Die Strandbar bietet Ihnen alkoholische und alkoholfreie Getr\u00e4nke, Eis und viele andere Snacks, au\u00dferdem verf\u00fcgt sie \u00fcber einen speziell gestalteten Bereich mit Tischen und St\u00fchlen, wo Sie in Ruhe einen kalten, leckeren Cocktail genie\u00dfen k\u00f6nnen.<\/span><br style=\"color: #666666; font-family: Verdana, Verdana, Geneva, sans-serif; font-size: 14px; letter-spacing: normal;\" \/><span style=\"color: #666666; font-family: Verdana, Verdana, Geneva, sans-serif; font-size: 14px; letter-spacing: normal;\">Damit die Entspannung vollkommen ist, haben wir uns am Strand eingerichtet und\u00a0<\/span><strong style=\"border: 0px; font-family: Verdana, Verdana, Geneva, sans-serif; font-size: 14px; margin: 0px; outline: 0px; padding: 0px; vertical-align: baseline; color: #666666; letter-spacing: normal;\">ein Baldachin mit Massageliege<\/strong><span style=\"color: #666666; font-family: Verdana, Verdana, Geneva, sans-serif; font-size: 14px; letter-spacing: normal;\">, wo unsere Therapeuten verschiedene Massage- und K\u00f6rperpflegepakete zusammengestellt haben, perfekt f\u00fcr den Urlaub.<\/span><br style=\"color: #666666; font-family: Verdana, Verdana, Geneva, sans-serif; font-size: 14px; letter-spacing: normal;\" \/><span style=\"color: #666666; font-family: Verdana, Verdana, Geneva, sans-serif; font-size: 14px; letter-spacing: normal;\">Ein Urlaub am Meer bedeutet wertvolle Zeit, die man vor allem am Strand verbringt. Deshalb haben wir f\u00fcr alle Kunden, die vor unsere Haust\u00fcr treten, ein Paradies im Paradies eingerichtet und vorbereitet.<\/span><br style=\"color: #666666; font-family: Verdana, Verdana, Geneva, sans-serif; font-size: 14px; letter-spacing: normal;\" \/><span style=\"color: #666666; font-family: Verdana, Verdana, Geneva, sans-serif; font-size: 14px; letter-spacing: normal;\">Wir freuen uns darauf, Sie auf See zu sehen!<\/span><\/p>\t\t\t\t\t\t\t\t<\/div>\n\t\t\t\t<\/div>\n\t\t\t\t<\/div>\n\t\t\t\t\t<\/div>\n\t\t\t\t<\/div>\n\t\t\t\t\t<\/div>\n\t\t\t\t<\/div>\n\t\t\t\t<div class=\"elementor-element elementor-element-814a067 elementor-widget elementor-widget-spacer\" data-id=\"814a067\" data-element_type=\"widget\" data-e-type=\"widget\" data-widget_type=\"spacer.default\">\n\t\t\t\t<div class=\"elementor-widget-container\">\n\t\t\t\t\t\t\t<div class=\"elementor-spacer\">\n\t\t\t<div class=\"elementor-spacer-inner\"><\/div>\n\t\t<\/div>\n\t\t\t\t\t\t<\/div>\n\t\t\t\t<\/div>\n\t\t\t\t\t<\/div>\n\t\t\t\t<\/div>\n\t\t\t\t<\/div>","protected":false},"excerpt":{"rendered":"<p>Plaja Mamaia, Hotel Parc Nisip super fin, la o distan\u021b\u0103 de numai 100m de la hotel p\u00e2n\u0103 la firul apei, [&hellip;]<\/p>\n","protected":false},"author":1,"featured_media":0,"parent":0,"menu_order":0,"comment_status":"closed","ping_status":"closed","template":"elementor_header_footer","meta":{"_monsterinsights_skip_tracking":false,"_monsterinsights_sitenote_active":false,"_monsterinsights_sitenote_note":"","_monsterinsights_sitenote_category":0,"site-sidebar-layout":"no-sidebar","site-content-layout":"","ast-site-content-layout":"full-width-container","site-content-style":"default","site-sidebar-style":"default","ast-global-header-display":"","ast-banner-title-visibility":"","ast-main-header-display":"","ast-hfb-above-header-display":"","ast-hfb-below-header-display":"","ast-hfb-mobile-header-display":"","site-post-title":"disabled","ast-breadcrumbs-content":"","ast-featured-img":"disabled","footer-sml-layout":"","ast-disable-related-posts":"","theme-transparent-header-meta":"default","adv-header-id-meta":"","stick-header-meta":"","header-above-stick-meta":"","header-main-stick-meta":"","header-below-stick-meta":"","astra-migrate-meta-layouts":"set","ast-page-background-enabled":"default","ast-page-background-meta":{"desktop":{"background-color":"var(--ast-global-color-4)","background-image":"","background-repeat":"repeat","background-position":"center center","background-size":"auto","background-attachment":"scroll","background-type":"","background-media":"","overlay-type":"","overlay-color":"","overlay-opacity":"","overlay-gradient":""},"tablet":{"background-color":"","background-image":"","background-repeat":"repeat","background-position":"center center","background-size":"auto","background-attachment":"scroll","background-type":"","background-media":"","overlay-type":"","overlay-color":"","overlay-opacity":"","overlay-gradient":""},"mobile":{"background-color":"","background-image":"","background-repeat":"repeat","background-position":"center center","background-size":"auto","background-attachment":"scroll","background-type":"","background-media":"","overlay-type":"","overlay-color":"","overlay-opacity":"","overlay-gradient":""}},"ast-content-background-meta":{"desktop":{"background-color":"var(--ast-global-color-5)","background-image":"","background-repeat":"repeat","background-position":"center center","background-size":"auto","background-attachment":"scroll","background-type":"","background-media":"","overlay-type":"","overlay-color":"","overlay-opacity":"","overlay-gradient":""},"tablet":{"background-color":"var(--ast-global-color-5)","background-image":"","background-repeat":"repeat","background-position":"center center","background-size":"auto","background-attachment":"scroll","background-type":"","background-media":"","overlay-type":"","overlay-color":"","overlay-opacity":"","overlay-gradient":""},"mobile":{"background-color":"var(--ast-global-color-5)","background-image":"","background-repeat":"repeat","background-position":"center center","background-size":"auto","background-attachment":"scroll","background-type":"","background-media":"","overlay-type":"","overlay-color":"","overlay-opacity":"","overlay-gradient":""}},"footnotes":""},"class_list":["post-569","page","type-page","status-publish","hentry"],"aioseo_notices":[],"_links":{"self":[{"href":"https:\/\/parcmamaia.ro\/de\/wp-json\/wp\/v2\/pages\/569","targetHints":{"allow":["GET"]}}],"collection":[{"href":"https:\/\/parcmamaia.ro\/de\/wp-json\/wp\/v2\/pages"}],"about":[{"href":"https:\/\/parcmamaia.ro\/de\/wp-json\/wp\/v2\/types\/page"}],"author":[{"embeddable":true,"href":"https:\/\/parcmamaia.ro\/de\/wp-json\/wp\/v2\/users\/1"}],"replies":[{"embeddable":true,"href":"https:\/\/parcmamaia.ro\/de\/wp-json\/wp\/v2\/comments?post=569"}],"version-history":[{"count":22,"href":"https:\/\/parcmamaia.ro\/de\/wp-json\/wp\/v2\/pages\/569\/revisions"}],"predecessor-version":[{"id":4098,"href":"https:\/\/parcmamaia.ro\/de\/wp-json\/wp\/v2\/pages\/569\/revisions\/4098"}],"wp:attachment":[{"href":"https:\/\/parcmamaia.ro\/de\/wp-json\/wp\/v2\/media?parent=569"}],"curies":[{"name":"wp","href":"https:\/\/api.w.org\/{rel}","templated":true}]}}