{"id":513,"date":"2024-03-12T17:41:59","date_gmt":"2024-03-12T17:41:59","guid":{"rendered":"https:\/\/hotelphoto.ro\/?page_id=513"},"modified":"2024-03-31T17:52:25","modified_gmt":"2024-03-31T15:52:25","slug":"sport-room","status":"publish","type":"page","link":"https:\/\/parcmamaia.ro\/en\/servicii\/sport-room\/","title":{"rendered":"Fitness Room"},"content":{"rendered":"<style>.elementor-513 .elementor-element.elementor-element-698289ea{--display:flex;--flex-direction:column;--container-widget-width:100%;--container-widget-height:initial;--container-widget-flex-grow:0;--container-widget-align-self:initial;--flex-wrap-mobile:wrap;--gap:0px 0px;--row-gap:0px;--column-gap:0px;--margin-top:0px;--margin-bottom:-91px;--margin-left:0px;--margin-right:0px;--padding-top:0px;--padding-bottom:0px;--padding-left:0px;--padding-right:0px;}.elementor-513 .elementor-element.elementor-element-2722805a{--spacer-size:39px;}.elementor-513 .elementor-element.elementor-element-5eb8ad82{--display:flex;--flex-direction:column;--container-widget-width:100%;--container-widget-height:initial;--container-widget-flex-grow:0;--container-widget-align-self:initial;--flex-wrap-mobile:wrap;--gap:0px 0px;--row-gap:0px;--column-gap:0px;--padding-top:0px;--padding-bottom:0px;--padding-left:0px;--padding-right:0px;}.elementor-513 .elementor-element.elementor-element-2d0a30aa{--display:flex;--overlay-opacity:0.7;--margin-top:0px;--margin-bottom:0px;--margin-left:0px;--margin-right:0px;--padding-top:33em;--padding-bottom:3em;--padding-left:0em;--padding-right:0em;}.elementor-513 .elementor-element.elementor-element-2d0a30aa:not(.elementor-motion-effects-element-type-background), .elementor-513 .elementor-element.elementor-element-2d0a30aa > .elementor-motion-effects-container > .elementor-motion-effects-layer{background-image:url(\"https:\/\/parcmamaia.ro\/wp-content\/uploads\/2024\/03\/Fitness2023.jpg\");background-position:top center;background-repeat:no-repeat;background-size:cover;}.elementor-513 .elementor-element.elementor-element-2d0a30aa::before, .elementor-513 .elementor-element.elementor-element-2d0a30aa > .elementor-background-video-container::before, .elementor-513 .elementor-element.elementor-element-2d0a30aa > .e-con-inner > .elementor-background-video-container::before, .elementor-513 .elementor-element.elementor-element-2d0a30aa > .elementor-background-slideshow::before, .elementor-513 .elementor-element.elementor-element-2d0a30aa > .e-con-inner > .elementor-background-slideshow::before, .elementor-513 .elementor-element.elementor-element-2d0a30aa > .elementor-motion-effects-container > .elementor-motion-effects-layer::before{--background-overlay:'';background-color:transparent;background-image:linear-gradient(180deg, #02010100 50%, var( --e-global-color-primary ) 100%);}.elementor-513 .elementor-element.elementor-element-2dc4957f .elementskit-section-title-wraper .elementskit-section-title{color:var( --e-global-color-a567df4 );margin:0px 0px 0px 0px;font-family:var( --e-global-typography-primary-font-family ), Sans-serif;font-size:var( --e-global-typography-primary-font-size );font-weight:var( --e-global-typography-primary-font-weight );text-transform:var( --e-global-typography-primary-text-transform );line-height:var( --e-global-typography-primary-line-height );letter-spacing:var( --e-global-typography-primary-letter-spacing );}.elementor-513 .elementor-element.elementor-element-2dc4957f .elementskit-section-title-wraper .elementskit-section-title > span{color:#000000;}.elementor-513 .elementor-element.elementor-element-2dc4957f .elementskit-section-title-wraper .elementskit-section-title:hover > span{color:#000000;}.elementor-513 .elementor-element.elementor-element-2dc4957f .elementskit-section-title-wraper .elementskit-section-subtitle{color:var( --e-global-color-a567df4 );font-family:var( --e-global-typography-text-font-family ), Sans-serif;font-size:var( --e-global-typography-text-font-size );font-weight:var( --e-global-typography-text-font-weight );text-transform:var( --e-global-typography-text-text-transform );line-height:var( --e-global-typography-text-line-height );letter-spacing:var( --e-global-typography-text-letter-spacing );margin:0px 0px 0px 0px;}.elementor-513 .elementor-element.elementor-element-2dc4957f > .elementor-widget-container{margin:0px 0px 0px 0px;}.elementor-513 .elementor-element.elementor-element-323fba98{--display:flex;--flex-direction:column;--container-widget-width:100%;--container-widget-height:initial;--container-widget-flex-grow:0;--container-widget-align-self:initial;--flex-wrap-mobile:wrap;}.elementor-513 .elementor-element.elementor-element-9e1c6b6{--spacer-size:10px;}.elementor-513 .elementor-element.elementor-element-37a8749f{--display:flex;--flex-direction:column;--container-widget-width:100%;--container-widget-height:initial;--container-widget-flex-grow:0;--container-widget-align-self:initial;--flex-wrap-mobile:wrap;--padding-top:5em;--padding-bottom:5em;--padding-left:0em;--padding-right:0em;}.elementor-513 .elementor-element.elementor-element-37a8749f:not(.elementor-motion-effects-element-type-background), .elementor-513 .elementor-element.elementor-element-37a8749f > .elementor-motion-effects-container > .elementor-motion-effects-layer{background-color:var( --e-global-color-495d27d );}@media(min-width:768px){.elementor-513 .elementor-element.elementor-element-698289ea{--content-width:1400px;}.elementor-513 .elementor-element.elementor-element-5eb8ad82{--width:96%;}.elementor-513 .elementor-element.elementor-element-323fba98{--content-width:1400px;}.elementor-513 .elementor-element.elementor-element-37a8749f{--width:96%;}}@media(max-width:1366px){.elementor-513 .elementor-element.elementor-element-698289ea{--margin-top:0px;--margin-bottom:-15px;--margin-left:0px;--margin-right:0px;}.elementor-513 .elementor-element.elementor-element-2722805a{--spacer-size:2px;}.elementor-513 .elementor-element.elementor-element-2dc4957f .elementskit-section-title-wraper .elementskit-section-title{font-size:var( --e-global-typography-primary-font-size );line-height:var( --e-global-typography-primary-line-height );letter-spacing:var( --e-global-typography-primary-letter-spacing );}.elementor-513 .elementor-element.elementor-element-2dc4957f .elementskit-section-title-wraper .elementskit-section-subtitle{font-size:var( --e-global-typography-text-font-size );line-height:var( --e-global-typography-text-line-height );letter-spacing:var( --e-global-typography-text-letter-spacing );}}@media(max-width:1024px){.elementor-513 .elementor-element.elementor-element-698289ea{--margin-top:0px;--margin-bottom:0px;--margin-left:0px;--margin-right:0px;}.elementor-513 .elementor-element.elementor-element-2722805a{--spacer-size:2px;}.elementor-513 .elementor-element.elementor-element-2dc4957f .elementskit-section-title-wraper .elementskit-section-title{font-size:var( --e-global-typography-primary-font-size );line-height:var( --e-global-typography-primary-line-height );letter-spacing:var( --e-global-typography-primary-letter-spacing );}.elementor-513 .elementor-element.elementor-element-2dc4957f .elementskit-section-title-wraper .elementskit-section-subtitle{font-size:var( --e-global-typography-text-font-size );line-height:var( --e-global-typography-text-line-height );letter-spacing:var( --e-global-typography-text-letter-spacing );}.elementor-513 .elementor-element.elementor-element-37a8749f{--padding-top:3em;--padding-bottom:3em;--padding-left:0em;--padding-right:0em;}}@media(max-width:767px){.elementor-513 .elementor-element.elementor-element-698289ea{--min-height:0px;--margin-top:0px;--margin-bottom:12px;--margin-left:0px;--margin-right:0px;--padding-top:0px;--padding-bottom:0px;--padding-left:0px;--padding-right:0px;}.elementor-513 .elementor-element.elementor-element-2722805a{--spacer-size:0px;}.elementor-513 .elementor-element.elementor-element-2722805a > .elementor-widget-container{margin:0px 0px 0px 0px;padding:0px 0px 0px 0px;}.elementor-513 .elementor-element.elementor-element-5eb8ad82{--justify-content:center;--align-items:center;--container-widget-width:calc( ( 1 - var( --container-widget-flex-grow ) ) * 100% );}.elementor-513 .elementor-element.elementor-element-2d0a30aa{--width:95%;--padding-top:27em;--padding-bottom:3em;--padding-left:0em;--padding-right:0em;}.elementor-513 .elementor-element.elementor-element-2dc4957f .elementskit-section-title-wraper .elementskit-section-title{font-size:var( --e-global-typography-primary-font-size );line-height:var( --e-global-typography-primary-line-height );letter-spacing:var( --e-global-typography-primary-letter-spacing );}.elementor-513 .elementor-element.elementor-element-2dc4957f .elementskit-section-title-wraper .elementskit-section-subtitle{font-size:var( --e-global-typography-text-font-size );line-height:var( --e-global-typography-text-line-height );letter-spacing:var( --e-global-typography-text-letter-spacing );}}<\/style>\t\t<div data-elementor-type=\"wp-page\" data-elementor-id=\"513\" class=\"elementor elementor-513\" data-elementor-post-type=\"page\">\n\t\t\t\t<div class=\"elementor-element elementor-element-698289ea e-flex e-con-boxed e-con e-parent\" data-id=\"698289ea\" data-element_type=\"container\" data-e-type=\"container\">\n\t\t\t\t\t<div class=\"e-con-inner\">\n\t\t\t\t<div class=\"elementor-element elementor-element-2722805a elementor-widget elementor-widget-spacer\" data-id=\"2722805a\" data-element_type=\"widget\" data-e-type=\"widget\" data-widget_type=\"spacer.default\">\n\t\t\t\t<div class=\"elementor-widget-container\">\n\t\t\t\t\t\t\t<div class=\"elementor-spacer\">\n\t\t\t<div class=\"elementor-spacer-inner\"><\/div>\n\t\t<\/div>\n\t\t\t\t\t\t<\/div>\n\t\t\t\t<\/div>\n\t\t\t\t\t<\/div>\n\t\t\t\t<\/div>\n\t\t<div class=\"elementor-element elementor-element-5eb8ad82 e-con-full e-flex e-con e-parent\" data-id=\"5eb8ad82\" data-element_type=\"container\" data-e-type=\"container\">\n\t\t<div class=\"elementor-element elementor-element-2d0a30aa e-con-full e-flex e-con e-child\" data-id=\"2d0a30aa\" data-element_type=\"container\" data-e-type=\"container\" data-settings=\"{&quot;background_background&quot;:&quot;classic&quot;}\">\n\t\t\t\t<div class=\"elementor-element elementor-element-2dc4957f animated-fast elementor-invisible elementor-widget elementor-widget-elementskit-heading\" data-id=\"2dc4957f\" data-element_type=\"widget\" data-e-type=\"widget\" data-settings=\"{&quot;_animation&quot;:&quot;fadeInUp&quot;,&quot;_animation_delay&quot;:150}\" data-widget_type=\"elementskit-heading.default\">\n\t\t\t\t<div class=\"elementor-widget-container\">\n\t\t\t\t\t<div class=\"ekit-wid-con\" ><div class=\"ekit-heading elementskit-section-title-wraper text_center   ekit_heading_tablet-   ekit_heading_mobile-\"><h1 class=\"ekit-heading--title elementskit-section-title\">Sports Room<\/h1><h2 class=\"ekit-heading--subtitle elementskit-section-subtitle\">\n\t\t\t\t\t\tAn enviable view!\n\t\t\t\t\t<\/h2><\/div><\/div>\t\t\t\t<\/div>\n\t\t\t\t<\/div>\n\t\t\t\t<\/div>\n\t\t\t\t<\/div>\n\t\t<div class=\"elementor-element elementor-element-323fba98 e-flex e-con-boxed e-con e-parent\" data-id=\"323fba98\" data-element_type=\"container\" data-e-type=\"container\">\n\t\t\t\t\t<div class=\"e-con-inner\">\n\t\t\t\t<div class=\"elementor-element elementor-element-9e1c6b6 elementor-widget elementor-widget-spacer\" data-id=\"9e1c6b6\" data-element_type=\"widget\" data-e-type=\"widget\" data-widget_type=\"spacer.default\">\n\t\t\t\t<div class=\"elementor-widget-container\">\n\t\t\t\t\t\t\t<div class=\"elementor-spacer\">\n\t\t\t<div class=\"elementor-spacer-inner\"><\/div>\n\t\t<\/div>\n\t\t\t\t\t\t<\/div>\n\t\t\t\t<\/div>\n\t\t\t\t\t<\/div>\n\t\t\t\t<\/div>\n\t\t<div class=\"elementor-element elementor-element-37a8749f e-con-full e-flex e-con e-parent\" data-id=\"37a8749f\" data-element_type=\"container\" data-e-type=\"container\" data-settings=\"{&quot;background_background&quot;:&quot;classic&quot;}\">\n\t\t\t\t<div class=\"elementor-element elementor-element-8de1c11 elementor-widget elementor-widget-text-editor\" data-id=\"8de1c11\" data-element_type=\"widget\" data-e-type=\"widget\" data-widget_type=\"text-editor.default\">\n\t\t\t\t<div class=\"elementor-widget-container\">\n\t\t\t\t\t\t\t\t\t<p style=\"border-style: solid; border-color: rgb(227, 227, 227); --tw-border-spacing-x: 0; --tw-border-spacing-y: 0; --tw-translate-x: 0; --tw-translate-y: 0; --tw-rotate: 0; --tw-skew-x: 0; --tw-skew-y: 0; --tw-scale-x: 1; --tw-scale-y: 1; --tw-pan-x: ; --tw-pan-y: ; --tw-pinch-zoom: ; --tw-scroll-snap-strictness: proximity; --tw-gradient-from-position: ; --tw-gradient-via-position: ; --tw-gradient-to-position: ; --tw-ordinal: ; --tw-slashed-zero: ; --tw-numeric-figure: ; --tw-numeric-spacing: ; --tw-numeric-fraction: ; --tw-ring-inset: ; --tw-ring-offset-width: 0px; --tw-ring-offset-color: #fff; --tw-ring-color: rgba(69,89,164,.5); --tw-ring-offset-shadow: 0 0 transparent; --tw-ring-shadow: 0 0 transparent; --tw-shadow: 0 0 transparent; --tw-shadow-colored: 0 0 transparent; --tw-blur: ; --tw-brightness: ; --tw-contrast: ; --tw-grayscale: ; --tw-hue-rotate: ; --tw-invert: ; --tw-saturate: ; --tw-sepia: ; --tw-drop-shadow: ; --tw-backdrop-blur: ; --tw-backdrop-brightness: ; --tw-backdrop-contrast: ; --tw-backdrop-grayscale: ; --tw-backdrop-hue-rotate: ; --tw-backdrop-invert: ; --tw-backdrop-opacity: ; --tw-backdrop-saturate: ; --tw-backdrop-sepia: ; --tw-contain-size: ; --tw-contain-layout: ; --tw-contain-paint: ; --tw-contain-style: ; margin-bottom: 1.25em; color: rgb(13, 13, 13); font-family: S\u00f6hne, ui-sans-serif, system-ui, -apple-system, &quot;Segoe UI&quot;, Roboto, Ubuntu, Cantarell, &quot;Noto Sans&quot;, sans-serif, &quot;Helvetica Neue&quot;, Arial, &quot;Apple Color Emoji&quot;, &quot;Segoe UI Emoji&quot;, &quot;Segoe UI Symbol&quot;, &quot;Noto Color Emoji&quot;; font-size: 16px; font-style: normal; font-weight: 400; letter-spacing: normal; white-space-collapse: preserve; background-color: rgb(255, 255, 255);\">Discover an unforgettable experience in the fitness room of Hotel Parc Mamaia, meticulously designed to meet the needs of any fitness enthusiast. Equipped with a range of state-of-the-art equipment including treadmills, exercise bikes, various weights for training and modern facilities such as televisions and air conditioning, our fitness room is the ideal space to keep fit.<\/p><p style=\"border-style: solid; border-color: rgb(227, 227, 227); --tw-border-spacing-x: 0; --tw-border-spacing-y: 0; --tw-translate-x: 0; --tw-translate-y: 0; --tw-rotate: 0; --tw-skew-x: 0; --tw-skew-y: 0; --tw-scale-x: 1; --tw-scale-y: 1; --tw-pan-x: ; --tw-pan-y: ; --tw-pinch-zoom: ; --tw-scroll-snap-strictness: proximity; --tw-gradient-from-position: ; --tw-gradient-via-position: ; --tw-gradient-to-position: ; --tw-ordinal: ; --tw-slashed-zero: ; --tw-numeric-figure: ; --tw-numeric-spacing: ; --tw-numeric-fraction: ; --tw-ring-inset: ; --tw-ring-offset-width: 0px; --tw-ring-offset-color: #fff; --tw-ring-color: rgba(69,89,164,.5); --tw-ring-offset-shadow: 0 0 transparent; --tw-ring-shadow: 0 0 transparent; --tw-shadow: 0 0 transparent; --tw-shadow-colored: 0 0 transparent; --tw-blur: ; --tw-brightness: ; --tw-contrast: ; --tw-grayscale: ; --tw-hue-rotate: ; --tw-invert: ; --tw-saturate: ; --tw-sepia: ; --tw-drop-shadow: ; --tw-backdrop-blur: ; --tw-backdrop-brightness: ; --tw-backdrop-contrast: ; --tw-backdrop-grayscale: ; --tw-backdrop-hue-rotate: ; --tw-backdrop-invert: ; --tw-backdrop-opacity: ; --tw-backdrop-saturate: ; --tw-backdrop-sepia: ; --tw-contain-size: ; --tw-contain-layout: ; --tw-contain-paint: ; --tw-contain-style: ; margin-top: 1.25em; margin-bottom: 1.25em; color: rgb(13, 13, 13); font-family: S\u00f6hne, ui-sans-serif, system-ui, -apple-system, &quot;Segoe UI&quot;, Roboto, Ubuntu, Cantarell, &quot;Noto Sans&quot;, sans-serif, &quot;Helvetica Neue&quot;, Arial, &quot;Apple Color Emoji&quot;, &quot;Segoe UI Emoji&quot;, &quot;Segoe UI Symbol&quot;, &quot;Noto Color Emoji&quot;; font-size: 16px; font-style: normal; font-weight: 400; letter-spacing: normal; white-space-collapse: preserve; background-color: rgb(255, 255, 255);\">Located on the 14th floor of the Parc Hotel, the gym offers a rare and inspiring perspective, with large windows revealing a panoramic view of the vibrant skyline of Mamaia resort and the azure waters of the Black Sea. It is the perfect place to rejuvenate your body while your spirit is pampered by the seascape.<\/p><p style=\"border-style: solid; border-color: rgb(227, 227, 227); --tw-border-spacing-x: 0; --tw-border-spacing-y: 0; --tw-translate-x: 0; --tw-translate-y: 0; --tw-rotate: 0; --tw-skew-x: 0; --tw-skew-y: 0; --tw-scale-x: 1; --tw-scale-y: 1; --tw-pan-x: ; --tw-pan-y: ; --tw-pinch-zoom: ; --tw-scroll-snap-strictness: proximity; --tw-gradient-from-position: ; --tw-gradient-via-position: ; --tw-gradient-to-position: ; --tw-ordinal: ; --tw-slashed-zero: ; --tw-numeric-figure: ; --tw-numeric-spacing: ; --tw-numeric-fraction: ; --tw-ring-inset: ; --tw-ring-offset-width: 0px; --tw-ring-offset-color: #fff; --tw-ring-color: rgba(69,89,164,.5); --tw-ring-offset-shadow: 0 0 transparent; --tw-ring-shadow: 0 0 transparent; --tw-shadow: 0 0 transparent; --tw-shadow-colored: 0 0 transparent; --tw-blur: ; --tw-brightness: ; --tw-contrast: ; --tw-grayscale: ; --tw-hue-rotate: ; --tw-invert: ; --tw-saturate: ; --tw-sepia: ; --tw-drop-shadow: ; --tw-backdrop-blur: ; --tw-backdrop-brightness: ; --tw-backdrop-contrast: ; --tw-backdrop-grayscale: ; --tw-backdrop-hue-rotate: ; --tw-backdrop-invert: ; --tw-backdrop-opacity: ; --tw-backdrop-saturate: ; --tw-backdrop-sepia: ; --tw-contain-size: ; --tw-contain-layout: ; --tw-contain-paint: ; --tw-contain-style: ; margin-top: 1.25em; margin-bottom: 0px; color: rgb(13, 13, 13); font-family: S\u00f6hne, ui-sans-serif, system-ui, -apple-system, &quot;Segoe UI&quot;, Roboto, Ubuntu, Cantarell, &quot;Noto Sans&quot;, sans-serif, &quot;Helvetica Neue&quot;, Arial, &quot;Apple Color Emoji&quot;, &quot;Segoe UI Emoji&quot;, &quot;Segoe UI Symbol&quot;, &quot;Noto Color Emoji&quot;; font-size: 16px; font-style: normal; font-weight: 400; letter-spacing: normal; white-space-collapse: preserve; background-color: rgb(255, 255, 255);\">We invite you to start your day with energy and motivation in this sanctuary of health and well-being, where every moment of training is accompanied by an impressive view and fresh sea air. Whether you prefer an intense cardio session or strength training, every moment spent here will improve not only your fitness but also your general well-being, leaving you refreshed and ready to enjoy the beauty and activities it has to offer Mommy.<\/p>\t\t\t\t\t\t\t\t<\/div>\n\t\t\t\t<\/div>\n\t\t\t\t<\/div>\n\t\t\t\t<\/div>","protected":false},"excerpt":{"rendered":"<p>Sport Room O priveli\u0219te de invidiat! Descoperi\u021bi o experien\u021b\u0103 de neuitat \u00een sala de fitness a Hotelului Parc Mamaia, conceput\u0103 [&hellip;]<\/p>\n","protected":false},"author":1,"featured_media":0,"parent":509,"menu_order":0,"comment_status":"closed","ping_status":"closed","template":"elementor_header_footer","meta":{"_monsterinsights_skip_tracking":false,"_monsterinsights_sitenote_active":false,"_monsterinsights_sitenote_note":"","_monsterinsights_sitenote_category":0,"site-sidebar-layout":"no-sidebar","site-content-layout":"","ast-site-content-layout":"full-width-container","site-content-style":"default","site-sidebar-style":"default","ast-global-header-display":"","ast-banner-title-visibility":"","ast-main-header-display":"","ast-hfb-above-header-display":"","ast-hfb-below-header-display":"","ast-hfb-mobile-header-display":"","site-post-title":"disabled","ast-breadcrumbs-content":"","ast-featured-img":"disabled","footer-sml-layout":"","ast-disable-related-posts":"","theme-transparent-header-meta":"default","adv-header-id-meta":"","stick-header-meta":"","header-above-stick-meta":"","header-main-stick-meta":"","header-below-stick-meta":"","astra-migrate-meta-layouts":"set","ast-page-background-enabled":"default","ast-page-background-meta":{"desktop":{"background-color":"var(--ast-global-color-4)","background-image":"","background-repeat":"repeat","background-position":"center center","background-size":"auto","background-attachment":"scroll","background-type":"","background-media":"","overlay-type":"","overlay-color":"","overlay-opacity":"","overlay-gradient":""},"tablet":{"background-color":"","background-image":"","background-repeat":"repeat","background-position":"center center","background-size":"auto","background-attachment":"scroll","background-type":"","background-media":"","overlay-type":"","overlay-color":"","overlay-opacity":"","overlay-gradient":""},"mobile":{"background-color":"","background-image":"","background-repeat":"repeat","background-position":"center center","background-size":"auto","background-attachment":"scroll","background-type":"","background-media":"","overlay-type":"","overlay-color":"","overlay-opacity":"","overlay-gradient":""}},"ast-content-background-meta":{"desktop":{"background-color":"var(--ast-global-color-5)","background-image":"","background-repeat":"repeat","background-position":"center center","background-size":"auto","background-attachment":"scroll","background-type":"","background-media":"","overlay-type":"","overlay-color":"","overlay-opacity":"","overlay-gradient":""},"tablet":{"background-color":"var(--ast-global-color-5)","background-image":"","background-repeat":"repeat","background-position":"center center","background-size":"auto","background-attachment":"scroll","background-type":"","background-media":"","overlay-type":"","overlay-color":"","overlay-opacity":"","overlay-gradient":""},"mobile":{"background-color":"var(--ast-global-color-5)","background-image":"","background-repeat":"repeat","background-position":"center center","background-size":"auto","background-attachment":"scroll","background-type":"","background-media":"","overlay-type":"","overlay-color":"","overlay-opacity":"","overlay-gradient":""}},"footnotes":""},"class_list":["post-513","page","type-page","status-publish","hentry"],"aioseo_notices":[],"_links":{"self":[{"href":"https:\/\/parcmamaia.ro\/en\/wp-json\/wp\/v2\/pages\/513","targetHints":{"allow":["GET"]}}],"collection":[{"href":"https:\/\/parcmamaia.ro\/en\/wp-json\/wp\/v2\/pages"}],"about":[{"href":"https:\/\/parcmamaia.ro\/en\/wp-json\/wp\/v2\/types\/page"}],"author":[{"embeddable":true,"href":"https:\/\/parcmamaia.ro\/en\/wp-json\/wp\/v2\/users\/1"}],"replies":[{"embeddable":true,"href":"https:\/\/parcmamaia.ro\/en\/wp-json\/wp\/v2\/comments?post=513"}],"version-history":[{"count":7,"href":"https:\/\/parcmamaia.ro\/en\/wp-json\/wp\/v2\/pages\/513\/revisions"}],"predecessor-version":[{"id":2866,"href":"https:\/\/parcmamaia.ro\/en\/wp-json\/wp\/v2\/pages\/513\/revisions\/2866"}],"up":[{"embeddable":true,"href":"https:\/\/parcmamaia.ro\/en\/wp-json\/wp\/v2\/pages\/509"}],"wp:attachment":[{"href":"https:\/\/parcmamaia.ro\/en\/wp-json\/wp\/v2\/media?parent=513"}],"curies":[{"name":"wp","href":"https:\/\/api.w.org\/{rel}","templated":true}]}}